{"id":865,"date":"2017-08-24T02:37:19","date_gmt":"2017-08-24T02:37:19","guid":{"rendered":"https:\/\/sti-btp.com\/?page_id=865"},"modified":"2025-09-16T23:33:17","modified_gmt":"2025-09-16T23:33:17","slug":"our-partners","status":"publish","type":"page","link":"https:\/\/sti-btp.com\/fr\/our-partners\/","title":{"rendered":"Nos partenaires"},"content":{"rendered":"<div class=\"wpb-content-wrapper\"><div class=\"vc_row wpb_row vc_row-fluid vc_row-o-equal-height vc_row-flex\">\n            \t\t\t\t\t\t\t<div class=\"gf-container container\">\n\t\t\t\t\t\t\t\t<div class=\"wpb_column vc_column_container vc_col-sm-12\"><div class=\"vc_column-inner\"><div class=\"wpb_wrapper\">\n\t<div  class=\"wpb_single_image wpb_content_element vc_align_center wpb_content_element wpb_animate_when_almost_visible wpb_appear appear\">\n\t\t\n\t\t<figure class=\"wpb_wrapper vc_figure\">\n\t\t\t<div class=\"vc_single_image-wrapper   vc_box_border_grey\"><img loading=\"lazy\" decoding=\"async\" width=\"1000\" height=\"450\" src=\"https:\/\/sti-btp.com\/wp-content\/uploads\/2021\/12\/IMG-20211209-WA0081.jpg\" class=\"vc_single_image-img attachment-full\" alt=\"\" title=\"IMG-20211209-WA0081\" srcset=\"https:\/\/sti-btp.com\/wp-content\/uploads\/2021\/12\/IMG-20211209-WA0081.jpg 1000w, https:\/\/sti-btp.com\/wp-content\/uploads\/2021\/12\/IMG-20211209-WA0081-390x176.jpg 390w, https:\/\/sti-btp.com\/wp-content\/uploads\/2021\/12\/IMG-20211209-WA0081-300x135.jpg 300w, https:\/\/sti-btp.com\/wp-content\/uploads\/2021\/12\/IMG-20211209-WA0081-768x346.jpg 768w, https:\/\/sti-btp.com\/wp-content\/uploads\/2021\/12\/IMG-20211209-WA0081-18x8.jpg 18w\" sizes=\"auto, (max-width: 1000px) 100vw, 1000px\" \/><\/div>\n\t\t<\/figure>\n\t<\/div>\n\n\t<div class=\"wpb_text_column wpb_content_element\" >\n\t\t<div class=\"wpb_wrapper\">\n\t\t\t<h2>Un partenariat excellent en gestion des projets<\/h2>\n<p>Notre approche face aux projets des nos clients sont rendues possibles par notre vaste r\u00e9seaux de partenaires<\/p>\n<p>Nos partenaires comprennent des architectes, des ing\u00e9nieurs, des chefs de projet et des fournisseurs d'\u00e9quipements talentueux avec divers ensembles de comp\u00e9tences et sp\u00e9cialit\u00e9s qui refl\u00e8tent notre engagement envers l'efficacit\u00e9, la qualit\u00e9 et la ma\u00eetrise des co\u00fbts.<\/p>\n\n\t\t<\/div>\n\t<\/div>\n<div class=\"g5plus-space space-69e3789176ba6\" data-id=\"69e3789176ba6\" data-tablet=\"30\" data-tablet-portrait=\"20\" data-mobile=\"20\" data-mobile-landscape=\"20\" style=\"clear: both; display: block; height: 40px\"><\/div><\/div><\/div><\/div>\t\t\t\t\t\t\t<\/div>\n\t\t\t\n\t\t<\/div>\n\t\t<div class=\"vc_row wpb_row vc_row-fluid pd-30 vc_custom_1505098930747 vc_row-has-fill vc_row-o-equal-height vc_row-o-content-middle vc_row-flex\">\n            \t\t\t\t\t\t\t<div class=\"gf-container container\">\n\t\t\t\t\t\t\t\t<div class=\"wpb_column vc_column_container vc_col-sm-4 vc_col-has-fill\"><div class=\"vc_column-inner vc_custom_1507023601210\"><div class=\"wpb_wrapper\">\n\t<div  class=\"wpb_single_image wpb_content_element vc_align_center wpb_content_element vc_custom_1758065059354\">\n\t\t\n\t\t<figure class=\"wpb_wrapper vc_figure\">\n\t\t\t<div class=\"vc_single_image-wrapper   vc_box_border_grey\"><img loading=\"lazy\" decoding=\"async\" width=\"1080\" height=\"935\" src=\"https:\/\/sti-btp.com\/wp-content\/uploads\/2025\/09\/IMG-20250904-WA0014-1.jpg\" class=\"vc_single_image-img attachment-full\" alt=\"\" title=\"IMG-20250904-WA0014\" srcset=\"https:\/\/sti-btp.com\/wp-content\/uploads\/2025\/09\/IMG-20250904-WA0014-1.jpg 1080w, https:\/\/sti-btp.com\/wp-content\/uploads\/2025\/09\/IMG-20250904-WA0014-1-300x260.jpg 300w, https:\/\/sti-btp.com\/wp-content\/uploads\/2025\/09\/IMG-20250904-WA0014-1-1024x887.jpg 1024w, https:\/\/sti-btp.com\/wp-content\/uploads\/2025\/09\/IMG-20250904-WA0014-1-768x665.jpg 768w\" sizes=\"auto, (max-width: 1080px) 100vw, 1080px\" \/><\/div>\n\t\t<\/figure>\n\t<\/div>\n<\/div><\/div><\/div><div class=\"wpb_column vc_column_container vc_col-sm-8\"><div class=\"vc_column-inner\"><div class=\"wpb_wrapper\">\n\t<div class=\"wpb_text_column wpb_content_element vc_custom_1758065569062 xs-text-center\" >\n\t\t<div class=\"wpb_wrapper\">\n\t\t\t<h6 class=\"fs-18 fw-medium mg-top-0 mg-bottom-10\"><strong><span style=\"color: #838794; font-family: 'Nunito Sans', sans-serif; font-size: 18px; letter-spacing: normal; text-align: justify;\">INTERMANN<\/span><\/strong><\/h6>\n<p>est une agence d\u2019interim franco-roumaine. Nos \u00e9quipes francophones poss\u00e8dent une parfaite connaissance des industries fran\u00e7aises, de leur fonctionnement et de leurs besoins.<\/p>\n\n\t\t<\/div>\n\t<\/div>\n<\/div><\/div><\/div>\t\t\t\t\t\t\t<\/div>\n\t\t\t\n\t\t<\/div>\n\t\t<div class=\"vc_row wpb_row vc_row-fluid pd-30 vc_custom_1505098930747 vc_row-has-fill vc_row-o-equal-height vc_row-o-content-middle vc_row-flex\">\n            \t\t\t\t\t\t\t<div class=\"gf-container container\">\n\t\t\t\t\t\t\t\t<div class=\"wpb_column vc_column_container vc_col-sm-4 vc_col-has-fill\"><div class=\"vc_column-inner vc_custom_1507023601210\"><div class=\"wpb_wrapper\">\n\t<div  class=\"wpb_single_image wpb_content_element vc_align_center wpb_content_element vc_custom_1639106623055\">\n\t\t\n\t\t<figure class=\"wpb_wrapper vc_figure\">\n\t\t\t<div class=\"vc_single_image-wrapper   vc_box_border_grey\"><img loading=\"lazy\" decoding=\"async\" width=\"600\" height=\"225\" src=\"https:\/\/sti-btp.com\/wp-content\/uploads\/2021\/12\/Orange-guinee.png\" class=\"vc_single_image-img attachment-full\" alt=\"\" title=\"Orange-guinee\" srcset=\"https:\/\/sti-btp.com\/wp-content\/uploads\/2021\/12\/Orange-guinee.png 600w, https:\/\/sti-btp.com\/wp-content\/uploads\/2021\/12\/Orange-guinee-390x146.png 390w, https:\/\/sti-btp.com\/wp-content\/uploads\/2021\/12\/Orange-guinee-300x113.png 300w, https:\/\/sti-btp.com\/wp-content\/uploads\/2021\/12\/Orange-guinee-18x7.png 18w\" sizes=\"auto, (max-width: 600px) 100vw, 600px\" \/><\/div>\n\t\t<\/figure>\n\t<\/div>\n<\/div><\/div><\/div><div class=\"wpb_column vc_column_container vc_col-sm-8\"><div class=\"vc_column-inner\"><div class=\"wpb_wrapper\">\n\t<div class=\"wpb_text_column wpb_content_element vc_custom_1758065588568 xs-text-center\" >\n\t\t<div class=\"wpb_wrapper\">\n\t\t\t<h6 class=\"fs-18 fw-medium mg-top-0 mg-bottom-10\">Orange Guin\u00e9e<\/h6>\n<p class=\"mg-top-0 mg-bottom-0\">Orange Guin\u00e9e est le plus grand op\u00e9rateur de r\u00e9seau mobile en Guin\u00e9e Conakry. La soci\u00e9t\u00e9 a \u00e9t\u00e9 cr\u00e9\u00e9e en 2007, le quatri\u00e8me op\u00e9rateur de r\u00e9seau mobile \u00e0 entrer dans la r\u00e9gion. En 2018, la soci\u00e9t\u00e9 a fourni des services dans 338 pr\u00e9fectures et d\u00e9tenait environ 67 % des revenus.<\/p>\n\n\t\t<\/div>\n\t<\/div>\n<\/div><\/div><\/div>\t\t\t\t\t\t\t<\/div>\n\t\t\t\n\t\t<\/div>\n\t\t<div class=\"vc_row wpb_row vc_row-fluid pd-30 vc_custom_1505099350069 vc_row-has-fill vc_row-o-equal-height vc_row-o-content-middle vc_row-flex\">\n            \t\t\t\t\t\t\t<div class=\"gf-container container\">\n\t\t\t\t\t\t\t\t<div class=\"wpb_column vc_column_container vc_col-sm-4 vc_col-has-fill\"><div class=\"vc_column-inner vc_custom_1507023621912\"><div class=\"wpb_wrapper\">\n\t<div  class=\"wpb_single_image wpb_content_element vc_align_center wpb_content_element vc_custom_1639106988261\">\n\t\t\n\t\t<figure class=\"wpb_wrapper vc_figure\">\n\t\t\t<div class=\"vc_single_image-wrapper   vc_box_border_grey\"><img loading=\"lazy\" decoding=\"async\" width=\"500\" height=\"450\" src=\"https:\/\/sti-btp.com\/wp-content\/uploads\/2021\/12\/SOGEB2.jpg\" class=\"vc_single_image-img attachment-full\" alt=\"\" title=\"SOGEB2\" srcset=\"https:\/\/sti-btp.com\/wp-content\/uploads\/2021\/12\/SOGEB2.jpg 500w, https:\/\/sti-btp.com\/wp-content\/uploads\/2021\/12\/SOGEB2-390x351.jpg 390w, https:\/\/sti-btp.com\/wp-content\/uploads\/2021\/12\/SOGEB2-300x270.jpg 300w, https:\/\/sti-btp.com\/wp-content\/uploads\/2021\/12\/SOGEB2-13x12.jpg 13w\" sizes=\"auto, (max-width: 500px) 100vw, 500px\" \/><\/div>\n\t\t<\/figure>\n\t<\/div>\n<\/div><\/div><\/div><div class=\"wpb_column vc_column_container vc_col-sm-8\"><div class=\"vc_column-inner\"><div class=\"wpb_wrapper\">\n\t<div class=\"wpb_text_column wpb_content_element vc_custom_1639202801652 xs-text-center\" >\n\t\t<div class=\"wpb_wrapper\">\n\t\t\t<h6 class=\"fs-18 fw-medium mg-top-0 mg-bottom-10\">SOGEB Guin\u00e9e<\/h6>\n<p class=\"mg-top-0 mg-bottom-0\">La SOGEB est une soci\u00e9t\u00e9 de droit OHADA avec une participation de l'\u00c9tat \u00e0 100 %. La SOGEB est une soci\u00e9t\u00e9 de droit OHADA avec une participation de l'\u00c9tat \u00e0 100 %. Elle est sp\u00e9cialis\u00e9e dans l'installation, le d\u00e9ploiement et la maintenance de fibres optiques. Vise \u00e0 mettre en place un cadre d'\u00e9tudes et de construction d'un entrep\u00f4t de stockage.<\/p>\n\n\t\t<\/div>\n\t<\/div>\n<\/div><\/div><\/div>\t\t\t\t\t\t\t<\/div>\n\t\t\t\n\t\t<\/div>\n\t\t<div class=\"vc_row wpb_row vc_row-fluid pd-30 vc_custom_1505099350069 vc_row-has-fill vc_row-o-equal-height vc_row-o-content-middle vc_row-flex\">\n            \t\t\t\t\t\t\t<div class=\"gf-container container\">\n\t\t\t\t\t\t\t\t<div class=\"wpb_column vc_column_container vc_col-sm-4 vc_col-has-fill\"><div class=\"vc_column-inner vc_custom_1507023621912\"><div class=\"wpb_wrapper\">\n\t<div  class=\"wpb_single_image wpb_content_element vc_align_center wpb_content_element vc_custom_1639171450832\">\n\t\t\n\t\t<figure class=\"wpb_wrapper vc_figure\">\n\t\t\t<div class=\"vc_single_image-wrapper   vc_box_border_grey\"><img loading=\"lazy\" decoding=\"async\" width=\"300\" height=\"105\" src=\"https:\/\/sti-btp.com\/wp-content\/uploads\/2021\/12\/logo-site-web1.jpg\" class=\"vc_single_image-img attachment-full\" alt=\"\" title=\"logo-site-web1\" srcset=\"https:\/\/sti-btp.com\/wp-content\/uploads\/2021\/12\/logo-site-web1.jpg 300w, https:\/\/sti-btp.com\/wp-content\/uploads\/2021\/12\/logo-site-web1-18x6.jpg 18w\" sizes=\"auto, (max-width: 300px) 100vw, 300px\" \/><\/div>\n\t\t<\/figure>\n\t<\/div>\n<\/div><\/div><\/div><div class=\"wpb_column vc_column_container vc_col-sm-8\"><div class=\"vc_column-inner\"><div class=\"wpb_wrapper\">\n\t<div class=\"wpb_text_column wpb_content_element vc_custom_1639171980237 xs-text-center\" >\n\t\t<div class=\"wpb_wrapper\">\n\t\t\t<h6 class=\"fs-18 fw-medium mg-top-0 mg-bottom-10\">PDAIG<\/h6>\n<p class=\"mg-top-0 mg-bottom-0\">Une institution qui \u00e9volue vers le Projet de D\u00e9veloppement Agricole Int\u00e9gr\u00e9 de Guin\u00e9e (PDAIG) en partenariat avec la Banque Mondiale afin de construire des entrep\u00f4ts alimentaires.<\/p>\n\n\t\t<\/div>\n\t<\/div>\n<\/div><\/div><\/div>\t\t\t\t\t\t\t<\/div>\n\t\t\t\n\t\t<\/div>\n\t\t<div class=\"vc_row wpb_row vc_row-fluid pd-30 vc_custom_1505099350069 vc_row-has-fill vc_row-o-equal-height vc_row-o-content-middle vc_row-flex\">\n            \t\t\t\t\t\t\t<div class=\"gf-container container\">\n\t\t\t\t\t\t\t\t<div class=\"wpb_column vc_column_container vc_col-sm-4 vc_col-has-fill\"><div class=\"vc_column-inner vc_custom_1507023621912\"><div class=\"wpb_wrapper\">\n\t<div  class=\"wpb_single_image wpb_content_element vc_align_center wpb_content_element vc_custom_1639172617894\">\n\t\t\n\t\t<figure class=\"wpb_wrapper vc_figure\">\n\t\t\t<div class=\"vc_single_image-wrapper   vc_box_border_grey\"><img loading=\"lazy\" decoding=\"async\" width=\"180\" height=\"186\" src=\"https:\/\/sti-btp.com\/wp-content\/uploads\/2021\/12\/telechargement.png\" class=\"vc_single_image-img attachment-full\" alt=\"\" title=\"t\u00e9l\u00e9chargement\" srcset=\"https:\/\/sti-btp.com\/wp-content\/uploads\/2021\/12\/telechargement.png 180w, https:\/\/sti-btp.com\/wp-content\/uploads\/2021\/12\/telechargement-12x12.png 12w\" sizes=\"auto, (max-width: 180px) 100vw, 180px\" \/><\/div>\n\t\t<\/figure>\n\t<\/div>\n<\/div><\/div><\/div><div class=\"wpb_column vc_column_container vc_col-sm-8\"><div class=\"vc_column-inner\"><div class=\"wpb_wrapper\">\n\t<div class=\"wpb_text_column wpb_content_element vc_custom_1639172529563 xs-text-center\" >\n\t\t<div class=\"wpb_wrapper\">\n\t\t\t<h6 class=\"fs-18 fw-medium mg-top-0 mg-bottom-10\">Gouvernorat de la ville de Conakry<\/h6>\n<p>Le Gouvernorat de la Ville de Conakry R\u00e9publique de Guin\u00e9e en collaboration au sein de IDC consulting, a pour objectif de mettre en place un cadre d'\u00e9tudes et de montage d'un projet li\u00e9 \u00e0 l'am\u00e9nagement des espaces publics de la Ville de Conakry-Guin\u00e9e.<\/p>\n\n\t\t<\/div>\n\t<\/div>\n<\/div><\/div><\/div>\t\t\t\t\t\t\t<\/div>\n\t\t\t\n\t\t<\/div>\n\t\t<div class=\"vc_row wpb_row vc_row-fluid pd-30 vc_custom_1505099350069 vc_row-has-fill vc_row-o-equal-height vc_row-o-content-middle vc_row-flex\">\n            \t\t\t\t\t\t\t<div class=\"gf-container container\">\n\t\t\t\t\t\t\t\t<div class=\"wpb_column vc_column_container vc_col-sm-4 vc_col-has-fill\"><div class=\"vc_column-inner vc_custom_1507023621912\"><div class=\"wpb_wrapper\">\n\t<div  class=\"wpb_single_image wpb_content_element vc_align_center wpb_content_element vc_custom_1639174668254\">\n\t\t\n\t\t<figure class=\"wpb_wrapper vc_figure\">\n\t\t\t<div class=\"vc_single_image-wrapper   vc_box_border_grey\"><img loading=\"lazy\" decoding=\"async\" width=\"200\" height=\"200\" src=\"https:\/\/sti-btp.com\/wp-content\/uploads\/2021\/12\/1554977896531.jpg\" class=\"vc_single_image-img attachment-full\" alt=\"\" title=\"1554977896531\" srcset=\"https:\/\/sti-btp.com\/wp-content\/uploads\/2021\/12\/1554977896531.jpg 200w, https:\/\/sti-btp.com\/wp-content\/uploads\/2021\/12\/1554977896531-150x150.jpg 150w, https:\/\/sti-btp.com\/wp-content\/uploads\/2021\/12\/1554977896531-12x12.jpg 12w, https:\/\/sti-btp.com\/wp-content\/uploads\/2021\/12\/1554977896531-100x100.jpg 100w\" sizes=\"auto, (max-width: 200px) 100vw, 200px\" \/><\/div>\n\t\t<\/figure>\n\t<\/div>\n<\/div><\/div><\/div><div class=\"wpb_column vc_column_container vc_col-sm-8\"><div class=\"vc_column-inner\"><div class=\"wpb_wrapper\">\n\t<div class=\"wpb_text_column wpb_content_element vc_custom_1639174432835 xs-text-center\" >\n\t\t<div class=\"wpb_wrapper\">\n\t\t\t<h6 class=\"fs-18 fw-medium mg-top-0 mg-bottom-10\">BIA Guin\u00e9e<\/h6>\n<p>En partenariat avec BIA GUIN\u00c9E, IDC consulting a pour objectif de mettre en place un cadre d'\u00e9tudes afin de r\u00e9aliser un plan d'\u00e9tage d'une structure d'entrep\u00f4t.<\/p>\n\n\t\t<\/div>\n\t<\/div>\n<\/div><\/div><\/div>\t\t\t\t\t\t\t<\/div>\n\t\t\t\n\t\t<\/div>\n\t\t<div class=\"vc_row wpb_row vc_row-fluid pd-30 vc_custom_1505099350069 vc_row-has-fill vc_row-o-equal-height vc_row-o-content-middle vc_row-flex\">\n            \t\t\t\t\t\t\t<div class=\"gf-container container\">\n\t\t\t\t\t\t\t\t<div class=\"wpb_column vc_column_container vc_col-sm-4 vc_col-has-fill\"><div class=\"vc_column-inner vc_custom_1507023621912\"><div class=\"wpb_wrapper\">\n\t<div  class=\"wpb_single_image wpb_content_element vc_align_center wpb_content_element vc_custom_1639202503125\">\n\t\t\n\t\t<figure class=\"wpb_wrapper vc_figure\">\n\t\t\t<div class=\"vc_single_image-wrapper   vc_box_border_grey\"><img loading=\"lazy\" decoding=\"async\" width=\"293\" height=\"107\" src=\"https:\/\/sti-btp.com\/wp-content\/uploads\/2021\/12\/cip.png\" class=\"vc_single_image-img attachment-full\" alt=\"\" title=\"cip\" srcset=\"https:\/\/sti-btp.com\/wp-content\/uploads\/2021\/12\/cip.png 293w, https:\/\/sti-btp.com\/wp-content\/uploads\/2021\/12\/cip-18x7.png 18w\" sizes=\"auto, (max-width: 293px) 100vw, 293px\" \/><\/div>\n\t\t<\/figure>\n\t<\/div>\n<\/div><\/div><\/div><div class=\"wpb_column vc_column_container vc_col-sm-8\"><div class=\"vc_column-inner\"><div class=\"wpb_wrapper\">\n\t<div class=\"wpb_text_column wpb_content_element vc_custom_1639202646460 xs-text-center\" >\n\t\t<div class=\"wpb_wrapper\">\n\t\t\t<h6 class=\"fs-18 fw-medium mg-top-0 mg-bottom-10\"><span style=\"font-size: 11.0pt; line-height: 107%; font-family: 'Arial',sans-serif; mso-fareast-font-family: Calibri; mso-fareast-theme-font: minor-latin; mso-ansi-language: FR; mso-fareast-language: EN-US; mso-bidi-language: AR-SA;\">CIPECO GUIN\u00c9E\u00a0<\/span><\/h6>\n<p>En partenariat avec IDC consulting, elle a pour objectif de mettre en place un cadre d'\u00e9tudes afin de r\u00e9aliser un plan d'\u00e9tage d'une structure d'entrep\u00f4t.<\/p>\n\n\t\t<\/div>\n\t<\/div>\n<\/div><\/div><\/div>\t\t\t\t\t\t\t<\/div>\n\t\t\t\n\t\t<\/div>\n\t\t<div class=\"vc_row wpb_row vc_row-fluid pd-30 vc_custom_1505099350069 vc_row-has-fill vc_row-o-equal-height vc_row-o-content-middle vc_row-flex\">\n            \t\t\t\t\t\t\t<div class=\"gf-container container\">\n\t\t\t\t\t\t\t\t<div class=\"wpb_column vc_column_container vc_col-sm-4 vc_col-has-fill\"><div class=\"vc_column-inner vc_custom_1507023621912\"><div class=\"wpb_wrapper\">\n\t<div  class=\"wpb_single_image wpb_content_element vc_align_center wpb_content_element vc_custom_1639200911559\">\n\t\t\n\t\t<figure class=\"wpb_wrapper vc_figure\">\n\t\t\t<div class=\"vc_single_image-wrapper   vc_box_border_grey\"><img loading=\"lazy\" decoding=\"async\" width=\"1200\" height=\"567\" src=\"https:\/\/sti-btp.com\/wp-content\/uploads\/2021\/12\/Logo_GUILAB.png\" class=\"vc_single_image-img attachment-full\" alt=\"\" title=\"Logo_GUILAB\" srcset=\"https:\/\/sti-btp.com\/wp-content\/uploads\/2021\/12\/Logo_GUILAB.png 1200w, https:\/\/sti-btp.com\/wp-content\/uploads\/2021\/12\/Logo_GUILAB-300x142.png 300w, https:\/\/sti-btp.com\/wp-content\/uploads\/2021\/12\/Logo_GUILAB-1024x484.png 1024w, https:\/\/sti-btp.com\/wp-content\/uploads\/2021\/12\/Logo_GUILAB-768x363.png 768w, https:\/\/sti-btp.com\/wp-content\/uploads\/2021\/12\/Logo_GUILAB-18x9.png 18w, https:\/\/sti-btp.com\/wp-content\/uploads\/2021\/12\/Logo_GUILAB-390x184.png 390w\" sizes=\"auto, (max-width: 1200px) 100vw, 1200px\" \/><\/div>\n\t\t<\/figure>\n\t<\/div>\n<\/div><\/div><\/div><div class=\"wpb_column vc_column_container vc_col-sm-8\"><div class=\"vc_column-inner\"><div class=\"wpb_wrapper\">\n\t<div class=\"wpb_text_column wpb_content_element vc_custom_1639200961079 xs-text-center\" >\n\t\t<div class=\"wpb_wrapper\">\n\t\t\t<h6 class=\"fs-18 fw-medium mg-top-0 mg-bottom-10\">GUILAB<\/h6>\n<p>(GUILAB) est le premier op\u00e9rateur d'infrastructures de t\u00e9l\u00e9communications de Guin\u00e9e et la seule passerelle de communication internationale en Guin\u00e9e.<\/p>\n<p>.<\/p>\n\n\t\t<\/div>\n\t<\/div>\n<\/div><\/div><\/div>\t\t\t\t\t\t\t<\/div>\n\t\t\t\n\t\t<\/div>\n\t\t<div class=\"vc_row wpb_row vc_row-fluid pd-30 vc_custom_1505099350069 vc_row-has-fill vc_row-o-equal-height vc_row-o-content-middle vc_row-flex\">\n            \t\t\t\t\t\t\t<div class=\"gf-container container\">\n\t\t\t\t\t\t\t\t<div class=\"wpb_column vc_column_container vc_col-sm-4 vc_col-has-fill\"><div class=\"vc_column-inner vc_custom_1507023621912\"><div class=\"wpb_wrapper\">\n\t<div  class=\"wpb_single_image wpb_content_element vc_align_center wpb_content_element vc_custom_1639201513014\">\n\t\t\n\t\t<figure class=\"wpb_wrapper vc_figure\">\n\t\t\t<div class=\"vc_single_image-wrapper   vc_box_border_grey\"><img loading=\"lazy\" decoding=\"async\" width=\"268\" height=\"104\" src=\"https:\/\/sti-btp.com\/wp-content\/uploads\/2021\/12\/NETBYWORD.png\" class=\"vc_single_image-img attachment-full\" alt=\"\" title=\"NETBYWORD\" srcset=\"https:\/\/sti-btp.com\/wp-content\/uploads\/2021\/12\/NETBYWORD.png 268w, https:\/\/sti-btp.com\/wp-content\/uploads\/2021\/12\/NETBYWORD-18x7.png 18w\" sizes=\"auto, (max-width: 268px) 100vw, 268px\" \/><\/div>\n\t\t<\/figure>\n\t<\/div>\n<\/div><\/div><\/div><div class=\"wpb_column vc_column_container vc_col-sm-8\"><div class=\"vc_column-inner\"><div class=\"wpb_wrapper\">\n\t<div class=\"wpb_text_column wpb_content_element vc_custom_1639201569132 xs-text-center\" >\n\t\t<div class=\"wpb_wrapper\">\n\t\t\t<h6 class=\"fs-18 fw-medium mg-top-0 mg-bottom-10\">NETBY WORD SARL<\/h6>\n<p>Net by word Sarl Guin\u00e9e en partenariat avec IDC consulting, a pour objectif de mettre en place un cadre d'\u00e9tudes et de gestion d'offres pour le projet de construction et de r\u00e9novation de CEPERTAM \u00e0 Hamdalaye, Guin\u00e9e-Conakry.<\/p>\n\n\t\t<\/div>\n\t<\/div>\n<\/div><\/div><\/div>\t\t\t\t\t\t\t<\/div>\n\t\t\t\n\t\t<\/div>\n\t\t<div class=\"vc_row wpb_row vc_row-fluid pd-30 vc_custom_1505099350069 vc_row-has-fill vc_row-o-equal-height vc_row-o-content-middle vc_row-flex\">\n            \t\t\t\t\t\t\t<div class=\"gf-container container\">\n\t\t\t\t\t\t\t\t<div class=\"wpb_column vc_column_container vc_col-sm-4 vc_col-has-fill\"><div class=\"vc_column-inner vc_custom_1507023621912\"><div class=\"wpb_wrapper\">\n\t<div  class=\"wpb_single_image wpb_content_element vc_align_center wpb_content_element vc_custom_1639201886952\">\n\t\t\n\t\t<figure class=\"wpb_wrapper vc_figure\">\n\t\t\t<div class=\"vc_single_image-wrapper   vc_box_border_grey\"><img loading=\"lazy\" decoding=\"async\" width=\"200\" height=\"200\" src=\"https:\/\/sti-btp.com\/wp-content\/uploads\/2021\/12\/1593624483781.jpg\" class=\"vc_single_image-img attachment-full\" alt=\"\" title=\"1593624483781\" srcset=\"https:\/\/sti-btp.com\/wp-content\/uploads\/2021\/12\/1593624483781.jpg 200w, https:\/\/sti-btp.com\/wp-content\/uploads\/2021\/12\/1593624483781-150x150.jpg 150w, https:\/\/sti-btp.com\/wp-content\/uploads\/2021\/12\/1593624483781-12x12.jpg 12w, https:\/\/sti-btp.com\/wp-content\/uploads\/2021\/12\/1593624483781-100x100.jpg 100w\" sizes=\"auto, (max-width: 200px) 100vw, 200px\" \/><\/div>\n\t\t<\/figure>\n\t<\/div>\n<\/div><\/div><\/div><div class=\"wpb_column vc_column_container vc_col-sm-8\"><div class=\"vc_column-inner\"><div class=\"wpb_wrapper\">\n\t<div class=\"wpb_text_column wpb_content_element vc_custom_1639201850008 xs-text-center\" >\n\t\t<div class=\"wpb_wrapper\">\n\t\t\t<h6 class=\"fs-18 fw-medium mg-top-0 mg-bottom-10\">SLD SARLU<\/h6>\n<p>La soci\u00e9t\u00e9 SLD Sarlu travaille en partenariat avec IDC consulting dans le cadre d'\u00e9tudes et de traitement d'offres de projets de la commune de Ratoma.<\/p>\n\n\t\t<\/div>\n\t<\/div>\n<\/div><\/div><\/div>\t\t\t\t\t\t\t<\/div>\n\t\t\t\n\t\t<\/div>\n<\/div>","protected":false},"excerpt":{"rendered":"Partnering for project delivery excellence Our leveraged approach and exceptional delivery are made possible by\u00a0our vast network of partners. Our partners include talented architects, engineers, project managers, and equipment providers with various skill sets and specialties that mirror our commitment to efficiency, quality and cost containment. INTERMANN est une agence d\u2019interim franco-roumaine. Nos \u00e9quipes francophones [...]","protected":false},"author":1,"featured_media":0,"parent":0,"menu_order":0,"comment_status":"closed","ping_status":"closed","template":"","meta":{"footnotes":""},"class_list":["post-865","page","type-page","status-publish","hentry"],"_links":{"self":[{"href":"https:\/\/sti-btp.com\/fr\/wp-json\/wp\/v2\/pages\/865","targetHints":{"allow":["GET"]}}],"collection":[{"href":"https:\/\/sti-btp.com\/fr\/wp-json\/wp\/v2\/pages"}],"about":[{"href":"https:\/\/sti-btp.com\/fr\/wp-json\/wp\/v2\/types\/page"}],"author":[{"embeddable":true,"href":"https:\/\/sti-btp.com\/fr\/wp-json\/wp\/v2\/users\/1"}],"replies":[{"embeddable":true,"href":"https:\/\/sti-btp.com\/fr\/wp-json\/wp\/v2\/comments?post=865"}],"version-history":[{"count":8,"href":"https:\/\/sti-btp.com\/fr\/wp-json\/wp\/v2\/pages\/865\/revisions"}],"predecessor-version":[{"id":2833,"href":"https:\/\/sti-btp.com\/fr\/wp-json\/wp\/v2\/pages\/865\/revisions\/2833"}],"wp:attachment":[{"href":"https:\/\/sti-btp.com\/fr\/wp-json\/wp\/v2\/media?parent=865"}],"curies":[{"name":"wp","href":"https:\/\/api.w.org\/{rel}","templated":true}]}}