{"id":863,"date":"2017-08-24T02:37:06","date_gmt":"2017-08-24T02:37:06","guid":{"rendered":"https:\/\/sti-btp.com\/?page_id=863"},"modified":"2025-09-16T11:46:08","modified_gmt":"2025-09-16T11:46:08","slug":"our-core-values","status":"publish","type":"page","link":"https:\/\/sti-btp.com\/fr\/our-core-values\/","title":{"rendered":"Nos valeurs"},"content":{"rendered":"<div class=\"wpb-content-wrapper\"><div class=\"vc_row wpb_row vc_row-fluid vc_row-o-equal-height vc_row-flex\">\n            \t\t\t\t\t\t\t<div class=\"gf-container container\">\n\t\t\t\t\t\t\t\t<div class=\"wpb_column vc_column_container vc_col-sm-4 vc_col-md-4\"><div class=\"vc_column-inner\"><div class=\"wpb_wrapper\">\n<div class=\"g5f-icon-box align-center background icon-normal\">\n\t<div class=\"ib-shape\">\n\t\t\t\t\t<div class=\"icon\">\n\t\t\t\t<i class=\"fa fa-eye\"><\/i>\n\t\t\t<\/div>\n\t\t\t<\/div>\n\t\t\t<div class=\"ib-content\">\n\t\t\t\t\t\t\t<h4 class=\"heading-color letter-spacing-03 fw-normal\">\n\t\t\t\t\t\t\t\t\t\t\tVision\t\t\t\t\t\t\t\t\t<\/h4>\n\t\t\t\t\t\t\t<p class=\"letter-spacing-03\">IDC consulting sera l'entrepreneur de choix pour les services et solutions de construction qui d\u00e9passent les attentes des clients et offrent une valeur in\u00e9gal\u00e9e.<\/p>\n\t\t\t\t\t<\/div>\n\t<\/div>\n<\/div><\/div><\/div><div class=\"wpb_column vc_column_container vc_col-sm-4\"><div class=\"vc_column-inner\"><div class=\"wpb_wrapper\">\n<div class=\"g5f-icon-box align-center background icon-normal\">\n\t<div class=\"ib-shape\">\n\t\t\t\t\t<div class=\"icon\">\n\t\t\t\t<i class=\"fa fa-tasks\"><\/i>\n\t\t\t<\/div>\n\t\t\t<\/div>\n\t\t\t<div class=\"ib-content\">\n\t\t\t\t\t\t\t<h4 class=\"heading-color letter-spacing-03 fw-normal\">\n\t\t\t\t\t\t\t\t\t\t\t<a href=\"#\">Mission<\/a>\n\t\t\t\t\t\t\t\t\t<\/h4>\n\t\t\t\t\t\t\t<p class=\"letter-spacing-03\">Nous offrons un travail de qualit\u00e9 sup\u00e9rieure \u00e0 nos clients en adoptant activement nos valeurs fondamentales.<\/p>\n\t\t\t\t\t<\/div>\n\t<\/div>\n<\/div><\/div><\/div><div class=\"wpb_column vc_column_container vc_col-sm-4\"><div class=\"vc_column-inner\"><div class=\"wpb_wrapper\">\n<div class=\"g5f-icon-box align-center background icon-normal\">\n\t<div class=\"ib-shape\">\n\t\t\t\t\t<div class=\"icon\">\n\t\t\t\t<i class=\"flaticon-light-bulb-3\"><\/i>\n\t\t\t<\/div>\n\t\t\t<\/div>\n\t\t\t<div class=\"ib-content\">\n\t\t\t\t\t\t\t<h4 class=\"heading-color letter-spacing-03 fw-normal\">\n\t\t\t\t\t\t\t\t\t\t\t<a href=\"#\">Innovation<\/a>\n\t\t\t\t\t\t\t\t\t<\/h4>\n\t\t\t\t\t\t\t<p class=\"letter-spacing-03\">nous sommes pr\u00eats \u00e0 prendre des risques, \u00e0 encourager la curiosit\u00e9 et les nouvelles id\u00e9es, et nous nous effor\u00e7ons constamment de d\u00e9passer les attentes de nos clients.<\/p>\n\t\t\t\t\t<\/div>\n\t<\/div>\n<\/div><\/div><\/div>\t\t\t\t\t\t\t<\/div>\n\t\t\t\n\t\t<\/div>\n\t\t<div class=\"vc_row wpb_row vc_row-fluid vc_row-o-equal-height vc_row-flex\">\n            \t\t\t\t\t\t\t<div class=\"gf-container container\">\n\t\t\t\t\t\t\t\t<div class=\"wpb_column vc_column_container vc_col-sm-4 vc_col-md-4\"><div class=\"vc_column-inner\"><div class=\"wpb_wrapper\">\n<div class=\"g5f-icon-box align-center background icon-normal\">\n\t<div class=\"ib-shape\">\n\t\t\t\t\t<div class=\"icon\">\n\t\t\t\t<i class=\"fa fa-file-pdf-o\"><\/i>\n\t\t\t<\/div>\n\t\t\t<\/div>\n\t\t\t<div class=\"ib-content\">\n\t\t\t\t\t\t\t<h4 class=\"heading-color letter-spacing-03 fw-normal\">\n\t\t\t\t\t\t\t\t\t\t\t<a href=\"#\">Transparency<\/a>\n\t\t\t\t\t\t\t\t\t<\/h4>\n\t\t\t\t\t\t\t<p class=\"letter-spacing-03\">Nos actions doivent correspondre \u00e0 nos paroles. Nous nous effor\u00e7ons chaque jour de gagner notre r\u00e9putation plut\u00f4t que de simplement la g\u00e9rer.<\/p>\n\t\t\t\t\t<\/div>\n\t<\/div>\n<\/div><\/div><\/div><div class=\"wpb_column vc_column_container vc_col-sm-4\"><div class=\"vc_column-inner\"><div class=\"wpb_wrapper\">\n<div class=\"g5f-icon-box align-center background icon-normal\">\n\t<div class=\"ib-shape\">\n\t\t\t\t\t<div class=\"icon\">\n\t\t\t\t<i class=\"flaticon-crane\"><\/i>\n\t\t\t<\/div>\n\t\t\t<\/div>\n\t\t\t<div class=\"ib-content\">\n\t\t\t\t\t\t\t<h4 class=\"heading-color letter-spacing-03 fw-normal\">\n\t\t\t\t\t\t\t\t\t\t\t<a href=\"#\">Flexibility<\/a>\n\t\t\t\t\t\t\t\t\t<\/h4>\n\t\t\t\t\t\t\t<p class=\"letter-spacing-03\">Nous responsabilisons nos employ\u00e9s dans un environnement de travail propice \u00e0 la cr\u00e9ation d'un \u00e9quilibre optimal entre vie professionnelle et vie priv\u00e9e.<\/p>\n\t\t\t\t\t<\/div>\n\t<\/div>\n<\/div><\/div><\/div><div class=\"wpb_column vc_column_container vc_col-sm-4\"><div class=\"vc_column-inner\"><div class=\"wpb_wrapper\">\n<div class=\"g5f-icon-box align-center background icon-normal\">\n\t<div class=\"ib-shape\">\n\t\t\t\t\t<div class=\"icon\">\n\t\t\t\t<i class=\"flaticon-worker\"><\/i>\n\t\t\t<\/div>\n\t\t\t<\/div>\n\t\t\t<div class=\"ib-content\">\n\t\t\t\t\t\t\t<h4 class=\"heading-color letter-spacing-03 fw-normal\">\n\t\t\t\t\t\t\t\t\t\t\t<a href=\"#\">Get it done<\/a>\n\t\t\t\t\t\t\t\t\t<\/h4>\n\t\t\t\t\t\t\t<p class=\"letter-spacing-03\">Les clients nous font confiance pour construire des infrastructures durables et nous prenons cela au s\u00e9rieux. Notre \u00e9quipe trouve toujours des solutions afin de livrer des r\u00e9sultats exceptionnels.<\/p>\n\t\t\t\t\t<\/div>\n\t<\/div>\n<\/div><\/div><\/div>\t\t\t\t\t\t\t<\/div>\n\t\t\t\n\t\t<\/div>\n\t\t<div class=\"vc_row wpb_row vc_row-fluid vc_row-o-equal-height vc_row-flex\">\n            \t\t\t\t\t\t\t<div class=\"gf-container container\">\n\t\t\t\t\t\t\t\t<div class=\"wpb_column vc_column_container vc_col-sm-4 vc_col-md-4\"><div class=\"vc_column-inner\"><div class=\"wpb_wrapper\">\n<div class=\"g5f-icon-box align-center background icon-normal\">\n\t<div class=\"ib-shape\">\n\t\t\t\t\t<div class=\"icon\">\n\t\t\t\t<i class=\"flaticon-security\"><\/i>\n\t\t\t<\/div>\n\t\t\t<\/div>\n\t\t\t<div class=\"ib-content\">\n\t\t\t\t\t\t\t<h4 class=\"heading-color letter-spacing-03 fw-normal\">\n\t\t\t\t\t\t\t\t\t\t\t<a href=\"#\">Safety<\/a>\n\t\t\t\t\t\t\t\t\t<\/h4>\n\t\t\t\t\t\t\t<p class=\"letter-spacing-03\">La s\u00e9curit\u00e9 de nos employ\u00e9s est notre responsabilit\u00e9 prioritaire avec z\u00e9ro incident.<\/p>\n\t\t\t\t\t<\/div>\n\t<\/div>\n<\/div><\/div><\/div><div class=\"wpb_column vc_column_container vc_col-sm-4\"><div class=\"vc_column-inner\"><div class=\"wpb_wrapper\">\n<div class=\"g5f-icon-box align-center background icon-normal\">\n\t<div class=\"ib-shape\">\n\t\t\t\t\t<div class=\"icon\">\n\t\t\t\t<i class=\"fa fa-handshake-o\"><\/i>\n\t\t\t<\/div>\n\t\t\t<\/div>\n\t\t\t<div class=\"ib-content\">\n\t\t\t\t\t\t\t<h4 class=\"heading-color letter-spacing-03 fw-normal\">\n\t\t\t\t\t\t\t\t\t\t\t<a href=\"#\">Integrity<\/a>\n\t\t\t\t\t\t\t\t\t<\/h4>\n\t\t\t\t\t\t\t<p class=\"letter-spacing-03\">En tant qu'entreprise, c'est notre atout le plus pr\u00e9cieux. Nous sommes ravis d'impr\u00e9gner chaque action d'honn\u00eatet\u00e9, d'\u00e9quit\u00e9 et de respect pour les clients et l'\u00e9quipe.<\/p>\n\t\t\t\t\t<\/div>\n\t<\/div>\n<\/div><\/div><\/div><div class=\"wpb_column vc_column_container vc_col-sm-4\"><div class=\"vc_column-inner\"><div class=\"wpb_wrapper\">\n<div class=\"g5f-icon-box align-center background icon-normal\">\n\t<div class=\"ib-shape\">\n\t\t\t\t\t<div class=\"icon\">\n\t\t\t\t<i class=\"fa fa-users\"><\/i>\n\t\t\t<\/div>\n\t\t\t<\/div>\n\t\t\t<div class=\"ib-content\">\n\t\t\t\t\t\t\t<h4 class=\"heading-color letter-spacing-03 fw-normal\">\n\t\t\t\t\t\t\t\t\t\t\t<a href=\"#\">Teamwork<\/a>\n\t\t\t\t\t\t\t\t\t<\/h4>\n\t\t\t\t\t\t\t<p class=\"letter-spacing-03\">Notre culture du travail d'\u00e9quipe nous permet de travailler ensemble au sein de l'entreprise et nous proposons \u00e0 nos clients les meilleures solutions afin d'atteindre collectivement nos objectifs.<\/p>\n\t\t\t\t\t<\/div>\n\t<\/div>\n<\/div><\/div><\/div>\t\t\t\t\t\t\t<\/div>\n\t\t\t\n\t\t<\/div>\n<\/div>","protected":false},"excerpt":{"rendered":"Vision IDC consulting will be the contractor of choice for construction services and solutions which exceedes customer expectations and providing unsurpassed value. Mission We deliver superior quality work to our clients by actively embracing our core values. Innovation we are ready to take risks, encourage curiosity and new ideas, and constantly strive to exceed expectations. [...]","protected":false},"author":1,"featured_media":0,"parent":0,"menu_order":0,"comment_status":"closed","ping_status":"closed","template":"","meta":{"footnotes":""},"class_list":["post-863","page","type-page","status-publish","hentry"],"_links":{"self":[{"href":"https:\/\/sti-btp.com\/fr\/wp-json\/wp\/v2\/pages\/863","targetHints":{"allow":["GET"]}}],"collection":[{"href":"https:\/\/sti-btp.com\/fr\/wp-json\/wp\/v2\/pages"}],"about":[{"href":"https:\/\/sti-btp.com\/fr\/wp-json\/wp\/v2\/types\/page"}],"author":[{"embeddable":true,"href":"https:\/\/sti-btp.com\/fr\/wp-json\/wp\/v2\/users\/1"}],"replies":[{"embeddable":true,"href":"https:\/\/sti-btp.com\/fr\/wp-json\/wp\/v2\/comments?post=863"}],"version-history":[{"count":3,"href":"https:\/\/sti-btp.com\/fr\/wp-json\/wp\/v2\/pages\/863\/revisions"}],"predecessor-version":[{"id":2237,"href":"https:\/\/sti-btp.com\/fr\/wp-json\/wp\/v2\/pages\/863\/revisions\/2237"}],"wp:attachment":[{"href":"https:\/\/sti-btp.com\/fr\/wp-json\/wp\/v2\/media?parent=863"}],"curies":[{"name":"wp","href":"https:\/\/api.w.org\/{rel}","templated":true}]}}