{"id":853,"date":"2017-08-24T02:18:08","date_gmt":"2017-08-24T02:18:08","guid":{"rendered":"https:\/\/sti-btp.com\/?page_id=853"},"modified":"2025-09-17T09:44:06","modified_gmt":"2025-09-17T09:44:06","slug":"about-us","status":"publish","type":"page","link":"https:\/\/sti-btp.com\/fr\/about-us\/","title":{"rendered":"A Propos"},"content":{"rendered":"<div class=\"wpb-content-wrapper\"><div class=\"vc_row wpb_row vc_row-fluid\">\n            \t\t\t\t\t\t\t<div class=\"gf-container container\">\n\t\t\t\t\t\t\t\t<div class=\"wpb_column vc_column_container vc_col-sm-12\"><div class=\"vc_column-inner\"><div class=\"wpb_wrapper\"><div class=\"g5plus-space space-69e37bdcca9ff\" data-id=\"69e37bdcca9ff\" data-tablet=\"30\" data-tablet-portrait=\"20\" data-mobile=\"20\" data-mobile-landscape=\"20\" style=\"clear: both; display: block; height: 40px\"><\/div><\/div><\/div><\/div><div class=\"wpb_column vc_column_container vc_col-sm-12\"><div class=\"vc_column-inner vc_custom_1501814696756\"><div class=\"wpb_wrapper\"><div class=\"gf-heading text-center gf-heading-normal\">\n\t\t\t<h5 class=\"heading_title heading-top\"><strong>Choisissez STI SARL<\/strong><\/h5>\n\t\t<p class=\"heading_subtitle accent-color\">Construction &amp; Investissement<\/p>\n\t\t\n<\/div>\n<\/div><\/div><\/div><div class=\"wpb_column vc_column_container vc_col-sm-12\"><div class=\"vc_column-inner\"><div class=\"wpb_wrapper\"><div class=\"gsf-slider-container owl-carousel owl-theme clearfix\" data-owl-options='{\"items\":3,\"margin\":30,\"slideBy\":3,\"dots\":false,\"nav\":false,\"responsive\":{\"1200\":{\"items\":3,\"margin\":30,\"slideBy\":3},\"992\":{\"items\":3,\"margin\":30,\"slideBy\":3},\"768\":{\"items\":2,\"margin\":30,\"slideBy\":2},\"600\":{\"items\":1,\"margin\":0,\"slideBy\":1},\"0\":{\"items\":1,\"margin\":0,\"slideBy\":1}},\"autoHeight\":true,\"autoplay\":true,\"autoplayTimeout\":5000}'>\n\t\n<div class=\"g5plus-feature-box clearfix text-left\">\n\t<div class=\"g5plus-feature-box-content-wrap fs-14\">\n\t\t<div class=\"feature-image absolute-skew\">\n\t\t\t\t\t\t\t<a title=\"\" \t\t\t\t   href=\"#\"\n\t\t\t\t   class=\"entry-thumbnail-overlay gf-feature-box4551\"><\/a>\n\t\t\t\t\t<\/div>\n\t\t<div class=\"g5plus-feature-box-content\">\n\t\t\t\t\t\t\t<h4 class=\"content-title fs-17\">\n\t\t\t\t\t<a title=\"\" \t\t\t\t\t   href=\"#\">\n\t\t\t\t\t\tExpert en b\u00e2timent &amp; TP\t\t\t\t\t<\/a>\n\t\t\t\t<\/h4>\n\t\t\t\t\t\t\t\t\t\t<p class=\"feature-description\">Notre fort sens de l'identification aux projets clients nous am\u00e8ne \u00e0 nous efforcer en permanence d'apporter des solutions, m\u00eame \u00e0 des probl\u00e9matiques dont nos clients ne sont pas conscients. Pour cela, nous adoptons une approche progressive des technologies et des techniques en construction.<\/p>\n\t\t\t\t\t\t<a title=\"\" \t\t\t   href=\"#\" class=\"btn-read-more accent-color heading_font\">\n\t\t\t\tRead more\t\t\t\t<i class=\"fa fa-long-arrow-right\"><\/i>\n\t\t\t<\/a>\n\t\t<\/div>\n\t<\/div>\n<\/div>\n\n<div class=\"g5plus-feature-box clearfix text-left\">\n\t<div class=\"g5plus-feature-box-content-wrap fs-14\">\n\t\t<div class=\"feature-image absolute-skew\">\n\t\t\t\t\t\t\t<a title=\"\" \t\t\t\t   href=\"#\"\n\t\t\t\t   class=\"entry-thumbnail-overlay gf-feature-box8011\"><\/a>\n\t\t\t\t\t<\/div>\n\t\t<div class=\"g5plus-feature-box-content\">\n\t\t\t\t\t\t\t<h4 class=\"content-title fs-17\">\n\t\t\t\t\t<a title=\"\" \t\t\t\t\t   href=\"#\">\n\t\t\t\t\t\tConstruction des infrastructures\t\t\t\t\t<\/a>\n\t\t\t\t<\/h4>\n\t\t\t\t\t\t\t\t\t\t<p class=\"feature-description\">Nous valorisons et promouvons une interaction transparente avec nos clients, et nous nous assurons d'obtenir le meilleur de leur budget propos\u00e9.<\/p>\n\t\t\t\t\t\t<a title=\"\" \t\t\t   href=\"#\" class=\"btn-read-more accent-color heading_font\">\n\t\t\t\tRead more\t\t\t\t<i class=\"fa fa-long-arrow-right\"><\/i>\n\t\t\t<\/a>\n\t\t<\/div>\n\t<\/div>\n<\/div>\n\n<div class=\"g5plus-feature-box clearfix text-left\">\n\t<div class=\"g5plus-feature-box-content-wrap fs-14\">\n\t\t<div class=\"feature-image absolute-skew\">\n\t\t\t\t\t\t\t<a title=\"\" \t\t\t\t   href=\"#\"\n\t\t\t\t   class=\"entry-thumbnail-overlay gf-feature-box3955\"><\/a>\n\t\t\t\t\t<\/div>\n\t\t<div class=\"g5plus-feature-box-content\">\n\t\t\t\t\t\t\t<h4 class=\"content-title fs-17\">\n\t\t\t\t\t<a title=\"\" \t\t\t\t\t   href=\"#\">\n\t\t\t\t\t\tNos ing\u00e9nieurs qualifi\u00e9s\t\t\t\t\t<\/a>\n\t\t\t\t<\/h4>\n\t\t\t\t\t\t\t\t\t\t<p class=\"feature-description\">Notre longue exp\u00e9rience au sommet de l'activit\u00e9 nous a permet d'avoir une expertise dans le secteur de la construction, ainsi qu'une connaissance des protocoles sp\u00e9cifiques et des r\u00e9glementations locales.<\/p>\n\t\t\t\t\t\t<a title=\"\" \t\t\t   href=\"#\" class=\"btn-read-more accent-color heading_font\">\n\t\t\t\tRead more\t\t\t\t<i class=\"fa fa-long-arrow-right\"><\/i>\n\t\t\t<\/a>\n\t\t<\/div>\n\t<\/div>\n<\/div>\n<\/div><div class=\"g5plus-space space-69e37bdccc570\" data-id=\"69e37bdccc570\" data-tablet=\"70\" data-tablet-portrait=\"50\" data-mobile=\"50\" data-mobile-landscape=\"50\" style=\"clear: both; display: block; height: 92px\"><\/div><\/div><\/div><\/div>\t\t\t\t\t\t\t<\/div>\n\t\t\t\n\t\t<\/div>\n\t\t<div class=\"vc_row wpb_row vc_row-fluid vc_custom_1639083762408 vc_row-has-fill gf-bg-overlay-wrap\">\n                            <div class=\"gf-bg-overlay\" style=\"background-color:rgba(252,252,252,0.95)\"><\/div>\n            \t\t\t\t\t\t\t<div class=\"gf-container container\">\n\t\t\t\t\t\t\t\t<div class=\"wpb_column vc_column_container vc_col-sm-12\"><div class=\"vc_column-inner\"><div class=\"wpb_wrapper\"><div class=\"g5plus-space space-69e37bdccc9ef\" data-id=\"69e37bdccc9ef\" data-tablet=\"30\" data-tablet-portrait=\"20\" data-mobile=\"60\" data-mobile-landscape=\"60\" style=\"clear: both; display: block; height: 40px\"><\/div><div class=\"gf-heading text-center gf-heading-large\">\n\t\t\t<p class=\"heading_subtitle accent-color heading-top\">Au fil des ans, plusieurs acquisitions ont \u00e9t\u00e9 r\u00e9alis\u00e9es afin d'offrir \u00e0 nos clients une gamme de services en b\u00e2timent des plus compl\u00e8tes.<\/p>\n\t\t<h5 class=\"heading_title\" ><\/p>\n<h3>Propos de IDC consulting SARL<\/h3>\n<p><\/h5>\n\t\t\n<\/div>\n<\/div><\/div><\/div><div class=\"wpb_column vc_column_container vc_col-sm-4 vc_col-md-offset-1\"><div class=\"vc_column-inner\"><div class=\"wpb_wrapper\">\n\t<div class=\"wpb_text_column wpb_content_element\" >\n\t\t<div class=\"wpb_wrapper\">\n\t\t\t<h1 class=\"gsf-accent-text fs-60 mg-top-0 mg-bottom-0\" style=\"line-height: 1;\">10<\/h1>\n<h5 class=\"gsf-accent-text fs-16 fw-normal mg-top-0 mg-bottom-0\">Ann\u00e9es d'exp\u00e9riences dans la construction<\/h5>\n<h4 class=\"primary-font fs-40\" style=\"line-height: 1.125; margin-top: 13px; letter-spacing: 0.02em;\">Nous apportons la technique <span class=\"fw-light\">l'exp\u00e9rience &amp; le savoir-faire<\/span><\/h4>\n\n\t\t<\/div>\n\t<\/div>\n<\/div><\/div><\/div><div class=\"wpb_column vc_column_container vc_col-sm-7 vc_col-md-6\"><div class=\"vc_column-inner\"><div class=\"wpb_wrapper\">\n\t<div class=\"wpb_text_column wpb_content_element vc_custom_1758022736011\" >\n\t\t<div class=\"wpb_wrapper\">\n\t\t\t<p>L'entreprise <strong>STI (Soci\u00e9t\u00e9 des travaux et d&#8217;investissements &#8211; SARL) <\/strong>, \u00e9tait sp\u00e9cialis\u00e9e au paravent dans la gestion de projets, au cours des derni\u00e8res ann\u00e9es elle transform\u00e9e en \u00e9largissant son secteur d'activit\u00e9 et son rayon d'action. La force et le savoir-faire de notre \u00e9quipe nous permettent de vous garantir un service assur\u00e9 par des professionnels exp\u00e9riment\u00e9s, des ressources proactives et qualifi\u00e9es pour la r\u00e9alisation des t\u00e2ches, un accompagnement et un suivi personnalis\u00e9 est \u00e9tabli tout au long du projet.<br \/>\nWe work in commercial, industrial, institutional or civil engineering field, our consultants will be able to assist and advise you in all facets of your work, from design to the construction site. We are determined to make your enterprise more efficient and we offer an appropriate methods according to your needs. At STI Sarl, we prioritize the implementation of a system that promotes continuous improvement and long-term efficiency.<\/p>\n\n\t\t<\/div>\n\t<\/div>\n<div class=\"btn-container text-left\">\n\t\t\t<a class=\"btn btn-black btn-classic btn-rounded btn-md btn-icon btn-icon-left\" href=\"https:\/\/sti-btp.com\/fr\/contact-us\/\" title=\"Nous contacter\"><i class=\"fa fa-long-arrow-right\"><\/i>Nous contacter<\/a>\n\t<\/div>\n\n<\/div><\/div><\/div><div class=\"wpb_column vc_column_container vc_col-sm-12\"><div class=\"vc_column-inner\"><div class=\"wpb_wrapper\"><div class=\"g5plus-space space-69e37bdccd56a\" data-id=\"69e37bdccd56a\" data-tablet=\"50\" data-tablet-portrait=\"40\" data-mobile=\"40\" data-mobile-landscape=\"40\" style=\"clear: both; display: block; height: 71px\"><\/div><\/div><\/div><\/div><div class=\"wpb_column vc_column_container vc_col-sm-12\"><div class=\"vc_column-inner\"><div class=\"wpb_wrapper\"><div class=\"vc_row wpb_row vc_inner vc_row-fluid\"><div class=\"wpb_column vc_column_container vc_col-sm-6 vc_col-md-3\"><div class=\"vc_column-inner\"><div class=\"wpb_wrapper\">\n<div class=\"g5plus-counter\">\n\t\t\t<div class=\"ct-icon-shape\">\n\t\t\t<div class=\"fs-40 ct-icon\"><i class=\"flaticon-broker\"><\/i><\/div>\n\t\t<\/div>\n\t\t<div class=\"ct-content\">\n\t\t\t\t\t<h4 class=\"counterup fs-38 mg-bottom-0 mg-top-0\" data-start=\"70\"\n\t\t\t\t  data-end=\"70\" data-decimals=\"\"\n\t\t\t\t  data-duration=\"2,5\" data-separator=\"\"\n\t\t\t\t  data-decimal=\"\" data-prefix=\"\"\n\t\t\t\t  data-suffix=\"+\">70<span class=\"fs-24\">+<\/span><\/h4>\n\t\t\t\t\t\t\t<span class=\"mg-bottom-0 fs-14 mg-top-0 heading_font\">Nos clients<\/span>\n\t\t\t<\/div>\n<\/div><\/div><\/div><\/div><div class=\"xs-mg-top-20 wpb_column vc_column_container vc_col-sm-6 vc_col-md-3\"><div class=\"vc_column-inner\"><div class=\"wpb_wrapper\">\n<div class=\"g5plus-counter\">\n\t\t\t<div class=\"ct-icon-shape\">\n\t\t\t<div class=\"fs-40 ct-icon\"><i class=\"fa fa-lightbulb-o\"><\/i><\/div>\n\t\t<\/div>\n\t\t<div class=\"ct-content\">\n\t\t\t\t\t<h4 class=\"counterup fs-38 mg-bottom-0 mg-top-0\" data-start=\"0\"\n\t\t\t\t  data-end=\"10\" data-decimals=\"0\"\n\t\t\t\t  data-duration=\"2,5\" data-separator=\"\"\n\t\t\t\t  data-decimal=\"\" data-prefix=\"\"\n\t\t\t\t  data-suffix=\"+\">10<span class=\"fs-24\">+<\/span><\/h4>\n\t\t\t\t\t\t\t<span class=\"mg-bottom-0 fs-14 mg-top-0 heading_font\">Ann\u00e9es d'exp\u00e9riences<\/span>\n\t\t\t<\/div>\n<\/div><\/div><\/div><\/div><div class=\"xs-mg-top-20 sm-mg-top-30 wpb_column vc_column_container vc_col-sm-6 vc_col-md-3\"><div class=\"vc_column-inner\"><div class=\"wpb_wrapper\">\n<div class=\"g5plus-counter\">\n\t\t\t<div class=\"ct-icon-shape\">\n\t\t\t<div class=\"fs-40 ct-icon\"><i class=\"flaticon-engineer-1\"><\/i><\/div>\n\t\t<\/div>\n\t\t<div class=\"ct-content\">\n\t\t\t\t\t<h4 class=\"counterup fs-38 mg-bottom-0 mg-top-0\" data-start=\"10\"\n\t\t\t\t  data-end=\"100\" data-decimals=\"0\"\n\t\t\t\t  data-duration=\"2,5\" data-separator=\"\"\n\t\t\t\t  data-decimal=\"\" data-prefix=\"\"\n\t\t\t\t  data-suffix=\"+\">100<span class=\"fs-24\">+<\/span><\/h4>\n\t\t\t\t\t\t\t<span class=\"mg-bottom-0 fs-14 mg-top-0 heading_font\">Ing\u00e9nieurs professionnels<\/span>\n\t\t\t<\/div>\n<\/div><\/div><\/div><\/div><div class=\"xs-mg-top-20 sm-mg-top-30 wpb_column vc_column_container vc_col-sm-6 vc_col-md-3\"><div class=\"vc_column-inner\"><div class=\"wpb_wrapper\">\n<div class=\"g5plus-counter\">\n\t\t\t<div class=\"ct-icon-shape\">\n\t\t\t<div class=\"fs-40 ct-icon\"><i class=\"flaticon-helmet-1\"><\/i><\/div>\n\t\t<\/div>\n\t\t<div class=\"ct-content\">\n\t\t\t\t\t<h4 class=\"counterup fs-38 mg-bottom-0 mg-top-0\" data-start=\"0\"\n\t\t\t\t  data-end=\"50\" data-decimals=\"0\"\n\t\t\t\t  data-duration=\"2,5\" data-separator=\"\"\n\t\t\t\t  data-decimal=\"\" data-prefix=\"\"\n\t\t\t\t  data-suffix=\"+\">50<span class=\"fs-24\">+<\/span><\/h4>\n\t\t\t\t\t\t\t<span class=\"mg-bottom-0 fs-14 mg-top-0 heading_font\">Projets r\u00e9alis\u00e9s<\/span>\n\t\t\t<\/div>\n<\/div><\/div><\/div><\/div><\/div><\/div><\/div><\/div><div class=\"wpb_column vc_column_container vc_col-sm-12\"><div class=\"vc_column-inner\"><div class=\"wpb_wrapper\"><div class=\"g5plus-space space-69e37bdccf147\" data-id=\"69e37bdccf147\" data-tablet=\"80\" data-tablet-portrait=\"70\" data-mobile=\"60\" data-mobile-landscape=\"60\" style=\"clear: both; display: block; height: 100px\"><\/div><\/div><\/div><\/div>\t\t\t\t\t\t\t<\/div>\n\t\t\t\n\t\t<\/div>\n\t\t<div class=\"vc_row wpb_row vc_row-fluid vc_row-o-equal-height vc_row-flex\">\n            \t\t\t\t\t\t\t<div class=\"gf-container container\">\n\t\t\t\t\t\t\t\t<div class=\"wpb_column vc_column_container vc_col-sm-12\"><div class=\"vc_column-inner\"><div class=\"wpb_wrapper\"><div class=\"g5plus-space space-69e37bdccf540\" data-id=\"69e37bdccf540\" data-tablet=\"60\" data-tablet-portrait=\"50\" data-mobile=\"60\" data-mobile-landscape=\"60\" style=\"clear: both; display: block; height: 70px\"><\/div><div class=\"gf-heading text-center gf-heading-normal vc_custom_1639226904293\">\n\t\t\t<h5 class=\"heading_title heading-top\"><strong class=\"uppercase\">Certificats d\u00e9livr\u00e9s par nos entreprises clientes<\/strong><\/h5>\n\t\t<p class=\"heading_subtitle accent-color\"><\/p>\n\t\t\n<\/div>\n<\/div><\/div><\/div><div class=\"wpb_column vc_column_container vc_col-sm-6 vc_col-md-3 vc_col-sm-offset-0\"><div class=\"vc_column-inner\"><div class=\"wpb_wrapper\"><div class=\"gf-certificates\">\n\t\t\t<div class=\"certificates-image\">\n\t\t\t<img decoding=\"async\" src=\"https:\/\/sti-btp.com\/wp-content\/uploads\/2021\/12\/Orange-guinee.png\" alt=\"Orange estate\"\/>\n\t\t<\/div>\n\t\t<div class=\"certificates-content\">\n\t\t\t\t\t<h4 class=\"fs-16 fw-normal mg-top-0 mg-bottom-0\">Orange estate<\/h4>\n\t\t\t\t\t<span class=\"fs-13 accent-color\">Orange Guin\u00e9e<\/span>\n\t\t\t\n\t<\/div>\n\n<\/div><\/div><\/div><\/div><div class=\"xs-mg-top-20 wpb_column vc_column_container vc_col-sm-6 vc_col-md-3\"><div class=\"vc_column-inner\"><div class=\"wpb_wrapper\"><div class=\"gf-certificates\">\n\t\t\t<div class=\"certificates-image\">\n\t\t\t<img decoding=\"async\" src=\"https:\/\/sti-btp.com\/wp-content\/uploads\/2021\/12\/1554977896531.jpg\" alt=\"Achievement in floor plan of a warehouse structure\"\/>\n\t\t<\/div>\n\t\t<div class=\"certificates-content\">\n\t\t\t\t\t<h4 class=\"fs-16 fw-normal mg-top-0 mg-bottom-0\">Achievement in floor plan of a warehouse structure<\/h4>\n\t\t\t\t\t<span class=\"fs-13 accent-color\">BIA Guin\u00e9e<\/span>\n\t\t\t\n\t<\/div>\n\n<\/div><\/div><\/div><\/div><div class=\"sm-mg-top-20 wpb_column vc_column_container vc_col-sm-6 vc_col-md-3\"><div class=\"vc_column-inner\"><div class=\"wpb_wrapper\"><div class=\"gf-certificates\">\n\t\t\t<div class=\"certificates-image\">\n\t\t\t<img decoding=\"async\" src=\"https:\/\/sti-btp.com\/wp-content\/uploads\/2021\/12\/logo-site-web1.jpg\" alt=\"Achievement in renovating the the main office\"\/>\n\t\t<\/div>\n\t\t<div class=\"certificates-content\">\n\t\t\t\t\t<h4 class=\"fs-16 fw-normal mg-top-0 mg-bottom-0\">Achievement in renovating the the main office<\/h4>\n\t\t\t\t\t<span class=\"fs-13 accent-color\">PDAIG Guin\u00e9e<\/span>\n\t\t\t\n\t<\/div>\n\n<\/div><\/div><\/div><\/div><div class=\"sm-mg-top-20 wpb_column vc_column_container vc_col-sm-6 vc_col-md-3\"><div class=\"vc_column-inner\"><div class=\"wpb_wrapper\"><div class=\"gf-certificates\">\n\t\t\t<div class=\"certificates-image\">\n\t\t\t<img decoding=\"async\" src=\"https:\/\/sti-btp.com\/wp-content\/uploads\/2021\/12\/Logo_GUILAB.png\" alt=\"Achievement fiber optic deploymenent\"\/>\n\t\t<\/div>\n\t\t<div class=\"certificates-content\">\n\t\t\t\t\t<h4 class=\"fs-16 fw-normal mg-top-0 mg-bottom-0\">Achievement fiber optic deploymenent<\/h4>\n\t\t\t\t\t<span class=\"fs-13 accent-color\">SOGEB SA<\/span>\n\t\t\t\n\t<\/div>\n\n<\/div><\/div><\/div><\/div><div class=\"wpb_column vc_column_container vc_col-sm-12\"><div class=\"vc_column-inner\"><div class=\"wpb_wrapper\"><div class=\"g5plus-space space-69e37bdcd13c7\" data-id=\"69e37bdcd13c7\" data-tablet=\"80\" data-tablet-portrait=\"70\" data-mobile=\"60\" data-mobile-landscape=\"60\" style=\"clear: both; display: block; height: 83px\"><\/div><div class=\"gf-heading text-center gf-heading-normal vc_custom_1758021399707\">\n\t\t\t<h5 class=\"heading_title heading-top\">OFFICE<\/h5>\n\t\t<p class=\"heading_subtitle accent-color\">Construction &amp; Investment<\/p>\n\t\t\n<\/div>\n<\/div><\/div><\/div>\t\t\t\t\t\t\t<\/div>\n\t\t\t\n\t\t<\/div>\n\t<div class=\"gf-container container\">\n\t\t<div class=\"vc_row wpb_row vc_row-fluid vc_custom_1758021432393 vc_row-has-fill\">\n            \t\t\t\t\t\t\t\t<div class=\"wpb_column vc_column_container vc_col-sm-6\"><div class=\"vc_column-inner\"><div class=\"wpb_wrapper\">\n\t<div  class=\"wpb_single_image wpb_content_element vc_align_left wpb_content_element vc_custom_1639579877184\">\n\t\t\n\t\t<figure class=\"wpb_wrapper vc_figure\">\n\t\t\t<div class=\"vc_single_image-wrapper   vc_box_border_grey\"><img loading=\"lazy\" decoding=\"async\" width=\"225\" height=\"300\" src=\"https:\/\/sti-btp.com\/wp-content\/uploads\/2021\/12\/IMG-20211214-WA0018-225x300.jpg\" class=\"vc_single_image-img attachment-medium\" alt=\"\" title=\"IMG-20211214-WA0018\" srcset=\"https:\/\/sti-btp.com\/wp-content\/uploads\/2021\/12\/IMG-20211214-WA0018-225x300.jpg 225w, https:\/\/sti-btp.com\/wp-content\/uploads\/2021\/12\/IMG-20211214-WA0018-9x12.jpg 9w, https:\/\/sti-btp.com\/wp-content\/uploads\/2021\/12\/IMG-20211214-WA0018.jpg 768w\" sizes=\"auto, (max-width: 225px) 100vw, 225px\" \/><\/div>\n\t\t<\/figure>\n\t<\/div>\n\n\t<div class=\"wpb_text_column wpb_content_element\" >\n\t\t<div class=\"wpb_wrapper\">\n\t\t\t<p><strong>Nom &amp; Pr\u00e9nom:<\/strong> N&#8217;Fanly KONATE<br \/>\n<strong>Position: CEO of STI Sarl<\/strong><\/p>\n\n\t\t<\/div>\n\t<\/div>\n<div class=\"vc_progress_bar wpb_content_element  vc_progress-bar-color-bar_grey\" ><div class=\"vc_general vc_single_bar vc_progress-bar-color-chino\"><small class=\"vc_label\">Gestion de projet <span class=\"vc_label_units\">90%<\/span><\/small><span class=\"vc_bar\" data-percentage-value=\"90\" data-value=\"90\"><\/span><\/div><div class=\"vc_general vc_single_bar vc_progress-bar-color-green\"><small class=\"vc_label\">Construction de b\u00e2timent &amp; TP <span class=\"vc_label_units\">70%<\/span><\/small><span class=\"vc_bar\" data-percentage-value=\"70\" data-value=\"70\"><\/span><\/div><div class=\"vc_general vc_single_bar vc_progress-bar-color-bar_turquoise\"><small class=\"vc_label\">Finance <span class=\"vc_label_units\">80%<\/span><\/small><span class=\"vc_bar\" data-percentage-value=\"80\" data-value=\"80\"><\/span><\/div><\/div><div class=\"vc_progress_bar wpb_content_element  vc_progress-bar-color-bar_grey\" ><div class=\"vc_general vc_single_bar vc_progress-bar-color-violet\"><small class=\"vc_label\">Investment <span class=\"vc_label_units\">75%<\/span><\/small><span class=\"vc_bar\" data-percentage-value=\"75\" data-value=\"75\"><\/span><\/div><div class=\"vc_general vc_single_bar vc_progress-bar-color-bar_orange\"><small class=\"vc_label\">Buisness relations <span class=\"vc_label_units\">85%<\/span><\/small><span class=\"vc_bar\" data-percentage-value=\"85\" data-value=\"85\"><\/span><\/div><div class=\"vc_general vc_single_bar vc_progress-bar-color-black\"><small class=\"vc_label\">Road construction <span class=\"vc_label_units\">80%<\/span><\/small><span class=\"vc_bar\" data-percentage-value=\"80\" data-value=\"80\"><\/span><\/div><\/div><\/div><\/div><\/div><div class=\"wpb_column vc_column_container vc_col-sm-6\"><div class=\"vc_column-inner\"><div class=\"wpb_wrapper\"><\/div><\/div><\/div>\t\t\t\n\t\t<\/div>\n\t<\/div>\n<\/div>","protected":false},"excerpt":{"rendered":"Choisissez STI SARL Construction &amp; Consulting Expert in building construction Our strong sense of identification with client projects means that we are constantly striving to provide solutions, even for issues they aren\u2019t yet aware of. To this end, we adopt a progressive approach to technologies and techniques. Read more Building infrastructure We value and promote [...]","protected":false},"author":1,"featured_media":0,"parent":0,"menu_order":0,"comment_status":"closed","ping_status":"closed","template":"","meta":{"footnotes":""},"class_list":["post-853","page","type-page","status-publish","hentry"],"_links":{"self":[{"href":"https:\/\/sti-btp.com\/fr\/wp-json\/wp\/v2\/pages\/853","targetHints":{"allow":["GET"]}}],"collection":[{"href":"https:\/\/sti-btp.com\/fr\/wp-json\/wp\/v2\/pages"}],"about":[{"href":"https:\/\/sti-btp.com\/fr\/wp-json\/wp\/v2\/types\/page"}],"author":[{"embeddable":true,"href":"https:\/\/sti-btp.com\/fr\/wp-json\/wp\/v2\/users\/1"}],"replies":[{"embeddable":true,"href":"https:\/\/sti-btp.com\/fr\/wp-json\/wp\/v2\/comments?post=853"}],"version-history":[{"count":40,"href":"https:\/\/sti-btp.com\/fr\/wp-json\/wp\/v2\/pages\/853\/revisions"}],"predecessor-version":[{"id":2860,"href":"https:\/\/sti-btp.com\/fr\/wp-json\/wp\/v2\/pages\/853\/revisions\/2860"}],"wp:attachment":[{"href":"https:\/\/sti-btp.com\/fr\/wp-json\/wp\/v2\/media?parent=853"}],"curies":[{"name":"wp","href":"https:\/\/api.w.org\/{rel}","templated":true}]}}