{"id":1410,"date":"2017-09-21T09:46:06","date_gmt":"2017-09-21T09:46:06","guid":{"rendered":"https:\/\/sti-btp.com\/?page_id=1410"},"modified":"2025-09-17T00:16:03","modified_gmt":"2025-09-17T00:16:03","slug":"services","status":"publish","type":"page","link":"https:\/\/sti-btp.com\/fr\/services\/","title":{"rendered":"Services"},"content":{"rendered":"<div class=\"wpb-content-wrapper\">\t\t<div class=\"vc_row wpb_row vc_row-fluid\">\n            \t\t\t\t\t\t\t<div class=\"gf-container container\">\n\t\t\t\t\t\t\t\t<div class=\"wpb_column vc_column_container vc_col-sm-12\"><div class=\"vc_column-inner\"><div class=\"wpb_wrapper\"><div class=\"vc_row wpb_row vc_inner vc_row-fluid\"><div class=\"wpb_column vc_column_container vc_col-sm-6\"><div class=\"vc_column-inner\"><div class=\"wpb_wrapper\">\n\t<div  class=\"wpb_single_image wpb_content_element vc_align_left wpb_content_element\">\n\t\t\n\t\t<figure class=\"wpb_wrapper vc_figure\">\n\t\t\t<div class=\"vc_single_image-wrapper   vc_box_border_grey\"><img loading=\"lazy\" decoding=\"async\" width=\"1333\" height=\"1000\" src=\"https:\/\/sti-btp.com\/wp-content\/uploads\/2021\/12\/IMG-20211209-WA0004.jpg\" class=\"vc_single_image-img attachment-full\" alt=\"\" title=\"IMG-20211209-WA0004\" srcset=\"https:\/\/sti-btp.com\/wp-content\/uploads\/2021\/12\/IMG-20211209-WA0004.jpg 1333w, https:\/\/sti-btp.com\/wp-content\/uploads\/2021\/12\/IMG-20211209-WA0004-390x293.jpg 390w, https:\/\/sti-btp.com\/wp-content\/uploads\/2021\/12\/IMG-20211209-WA0004-300x225.jpg 300w, https:\/\/sti-btp.com\/wp-content\/uploads\/2021\/12\/IMG-20211209-WA0004-1024x768.jpg 1024w, https:\/\/sti-btp.com\/wp-content\/uploads\/2021\/12\/IMG-20211209-WA0004-768x576.jpg 768w, https:\/\/sti-btp.com\/wp-content\/uploads\/2021\/12\/IMG-20211209-WA0004-16x12.jpg 16w\" sizes=\"auto, (max-width: 1333px) 100vw, 1333px\" \/><\/div>\n\t\t<\/figure>\n\t<\/div>\n\n\t<div class=\"wpb_text_column wpb_content_element\" >\n\t\t<div class=\"wpb_wrapper\">\n\t\t\t<p>La vari\u00e9t\u00e9 des missions qui nous sont confi\u00e9es est la preuve de nos comp\u00e9tences \u00e9tendues. Qu'il s'agisse d'une grande industrie ayant besoin d'entretien ou de particuliers ayant besoin d'une intervention de r\u00e9paration, notre champ d'expertise est large et sous contr\u00f4le.<br \/>\n\u2022 Industrie G\u00e9nie Civil | G\u00e9nie Civil Eau<br \/>\n\u2022 R\u00e9parations suite \u00e0 un d\u00e9sastre | Entretien inclus<br \/>\n\u2022 Am\u00e9nagements | R\u00e9novation et r\u00e9habilitation<br \/>\n\u2022 Contrats d'entretien | Travaux industriels<br \/>\nEntretien \u00e0 la routine | Travaux de terrassement<\/p>\n\n\t\t<\/div>\n\t<\/div>\n<\/div><\/div><\/div><div class=\"wpb_column vc_column_container vc_col-sm-6\"><div class=\"vc_column-inner\"><div class=\"wpb_wrapper\">\n\t<div class=\"wpb_text_column wpb_content_element\" >\n\t\t<div class=\"wpb_wrapper\">\n\t\t\t<h4><em><strong>Notre objectif principal :<\/strong><\/em><\/h4>\n<ul>\n<li>Studies, design, controls and project management;<\/li>\n<li>Construction des b\u00e2timents et travaux publics btp (pont, dallot,routes et chaussez)<\/li>\n<li>Gestion immobili\u00e8re (construction et vente des logements sociaux)<\/li>\n<li>Am\u00e9nagements des pleines agricoles et de syst\u00e8mes d'irrigation<\/li>\n<li>Am\u00e9nagements des espaces publiques et des trottoirs des villes<\/li>\n<li>Montage des cahiers de charge et traitement des offres<\/li>\n<li>Fournitures des \u00e9quipements\u2026<\/li>\n<\/ul>\n\n\t\t<\/div>\n\t<\/div>\n\n\t<div  class=\"wpb_single_image wpb_content_element vc_align_left wpb_content_element\">\n\t\t\n\t\t<figure class=\"wpb_wrapper vc_figure\">\n\t\t\t<div class=\"vc_single_image-wrapper   vc_box_border_grey\"><img loading=\"lazy\" decoding=\"async\" width=\"1333\" height=\"1000\" src=\"https:\/\/sti-btp.com\/wp-content\/uploads\/2021\/12\/IMG-20211209-WA0136.jpg\" class=\"vc_single_image-img attachment-full\" alt=\"\" title=\"IMG-20211209-WA0136\" srcset=\"https:\/\/sti-btp.com\/wp-content\/uploads\/2021\/12\/IMG-20211209-WA0136.jpg 1333w, https:\/\/sti-btp.com\/wp-content\/uploads\/2021\/12\/IMG-20211209-WA0136-390x293.jpg 390w, https:\/\/sti-btp.com\/wp-content\/uploads\/2021\/12\/IMG-20211209-WA0136-300x225.jpg 300w, https:\/\/sti-btp.com\/wp-content\/uploads\/2021\/12\/IMG-20211209-WA0136-1024x768.jpg 1024w, https:\/\/sti-btp.com\/wp-content\/uploads\/2021\/12\/IMG-20211209-WA0136-768x576.jpg 768w, https:\/\/sti-btp.com\/wp-content\/uploads\/2021\/12\/IMG-20211209-WA0136-16x12.jpg 16w\" sizes=\"auto, (max-width: 1333px) 100vw, 1333px\" \/><\/div>\n\t\t<\/figure>\n\t<\/div>\n<\/div><\/div><\/div><\/div><div class=\"vc_empty_space\"   style=\"height: 5px\"><span class=\"vc_empty_space_inner\"><\/span><\/div><div class=\"gf-heading text-left gf-heading-normal\">\n\t\t\t<p class=\"heading_subtitle accent-color heading-top\">Construction &amp; Investissement<\/p>\n\t\t<h5 class=\"heading_title\" ><\/p>\n<h4><strong>Nos services<\/strong><\/h4>\n<p><\/h5>\n\t\t\n<\/div>\n<div class=\"gf-our-service clearfix  wpb_animate_when_almost_visible wpb_left-to-right left-to-right\">\n\t<div data-isotope-wrapper=\"true\" data-items-wrapper class=\"gf-our-service-wrap clearfix\">\n\t\t<div data-isotope-options='{\"itemSelector\":\"article\",\"layoutMode\":\"fitRows\"}' data-items-container=\"true\" class=\"gf-our-service-inner clearfix layout-grid gf-gutter-0 isotope\">\n\t\t<article class=\"clearfix our-service-default our-service-grid col-lg-4 col-md-4 col-sm-12 col-xs-12 col-mb-12 post-1395 our_service type-our_service status-publish has-post-thumbnail hentry\">\n\t<div  class=\"our-service-item-inner clearfix\">\n\t\t<div class=\"entry-thumbnail\">\n\t\t\n    \n\n\n\t\t\t\t\t\t\t\t<a style=\"background-image: url(https:\/\/sti-btp.com\/wp-content\/uploads\/2017\/09\/IMG-20211209-WA0125-200x100.jpg);\" class=\"entry-thumbnail-overlay placeholder-image thumbnail-size-200x100\" href=\"https:\/\/sti-btp.com\/fr\/our-service\/house-building-road-construction\/\" title=\"BTP &amp; Construction\"><\/a>\n\t\t\t<\/div>\n\n\n\t\t<div class=\"our-service-content\">\n\t\t\t<div class=\"our-service-title-wrap\">\n\t\t\t\t<h4 class=\"gsf-our-service-title uppercase letter-spacing-03 fs-17\"><a title=\"BTP &amp; Construction\"\n\t\t\t\t\t\t\t\t\t\t\t\t\t\t\t\t\t\t  href=\"https:\/\/sti-btp.com\/fr\/our-service\/house-building-road-construction\/\">BTP &amp; Construction<\/a>\n<\/h4>\t\t\t\t\t\t\t<\/div>\n\t\t\t<div class=\"our-service-excerpt\">\n\t\t\t\t<p>Nous accompagnons et r\u00e9alisons vos projets de construction, de r\u00e9novation et d'am\u00e9nagement int\u00e9rieur  et ext\u00e9rieur. Nous intervenons sur des projets de grande \u0153uvre complexes.<\/p>\n\t\t\t<\/div>\n\t\t\t<a href=\"https:\/\/sti-btp.com\/fr\/our-service\/house-building-road-construction\/\" class=\"btn-read-more accent-color fs-14 heading_font\">\n\t\t\t\tRead More\t\t\t\t<i class=\"fa fa-long-arrow-right\"><\/i>\n\t\t\t<\/a>\n\t\t<\/div>\n\t<\/div>\n<\/article><article class=\"clearfix our-service-default our-service-grid col-lg-4 col-md-4 col-sm-12 col-xs-12 col-mb-12 post-2205 our_service type-our_service status-publish has-post-thumbnail hentry\">\n\t<div  class=\"our-service-item-inner clearfix\">\n\t\t<div class=\"entry-thumbnail\">\n\t\t\n    \n\n\n\t\t\t\t\t\t\t\t<a style=\"background-image: url(https:\/\/sti-btp.com\/wp-content\/uploads\/2021\/12\/IMG-20211209-WA0002-200x100.jpg);\" class=\"entry-thumbnail-overlay placeholder-image thumbnail-size-200x100\" href=\"https:\/\/sti-btp.com\/fr\/our-service\/layouts\/\" title=\"General Layouts\"><\/a>\n\t\t\t<\/div>\n\n\n\t\t<div class=\"our-service-content\">\n\t\t\t<div class=\"our-service-title-wrap\">\n\t\t\t\t<h4 class=\"gsf-our-service-title uppercase letter-spacing-03 fs-17\"><a title=\"General Layouts\"\n\t\t\t\t\t\t\t\t\t\t\t\t\t\t\t\t\t\t  href=\"https:\/\/sti-btp.com\/fr\/our-service\/layouts\/\">General Layouts<\/a>\n<\/h4>\t\t\t\t\t\t\t<\/div>\n\t\t\t<div class=\"our-service-excerpt\">\n\t\t\t\t<p>We also contribute to urban development, the company STI Sarl supports local communities and businesses in the design.<\/p>\n\t\t\t<\/div>\n\t\t\t<a href=\"https:\/\/sti-btp.com\/fr\/our-service\/layouts\/\" class=\"btn-read-more accent-color fs-14 heading_font\">\n\t\t\t\tRead More\t\t\t\t<i class=\"fa fa-long-arrow-right\"><\/i>\n\t\t\t<\/a>\n\t\t<\/div>\n\t<\/div>\n<\/article><article class=\"clearfix our-service-default our-service-grid col-lg-4 col-md-4 col-sm-12 col-xs-12 col-mb-12 post-2210 our_service type-our_service status-publish has-post-thumbnail hentry\">\n\t<div  class=\"our-service-item-inner clearfix\">\n\t\t<div class=\"entry-thumbnail\">\n\t\t\n    \n\n\n\t\t\t\t\t\t\t\t<a style=\"background-image: url(https:\/\/sti-btp.com\/wp-content\/uploads\/2021\/12\/13-200x100.jpg);\" class=\"entry-thumbnail-overlay placeholder-image thumbnail-size-200x100\" href=\"https:\/\/sti-btp.com\/fr\/our-service\/industry-and-development\/\" title=\"Industrie &amp; Developpement\"><\/a>\n\t\t\t<\/div>\n\n\n\t\t<div class=\"our-service-content\">\n\t\t\t<div class=\"our-service-title-wrap\">\n\t\t\t\t<h4 class=\"gsf-our-service-title uppercase letter-spacing-03 fs-17\"><a title=\"Industrie &amp; Developpement\"\n\t\t\t\t\t\t\t\t\t\t\t\t\t\t\t\t\t\t  href=\"https:\/\/sti-btp.com\/fr\/our-service\/industry-and-development\/\">Industrie &amp; Developpement<\/a>\n<\/h4>\t\t\t\t\t\t\t<\/div>\n\t\t\t<div class=\"our-service-excerpt\">\n\t\t\t\t<p>Our main service is to fill a large gap in business development by putting less advanced local businesses at the forefront and facilitating.<\/p>\n\t\t\t<\/div>\n\t\t\t<a href=\"https:\/\/sti-btp.com\/fr\/our-service\/industry-and-development\/\" class=\"btn-read-more accent-color fs-14 heading_font\">\n\t\t\t\tRead More\t\t\t\t<i class=\"fa fa-long-arrow-right\"><\/i>\n\t\t\t<\/a>\n\t\t<\/div>\n\t<\/div>\n<\/article><article class=\"clearfix our-service-default our-service-grid col-lg-4 col-md-4 col-sm-12 col-xs-12 col-mb-12 post-2212 our_service type-our_service status-publish has-post-thumbnail hentry\">\n\t<div  class=\"our-service-item-inner clearfix\">\n\t\t<div class=\"entry-thumbnail\">\n\t\t\n    \n\n\n\t\t\t\t\t\t\t\t<a style=\"background-image: url(https:\/\/sti-btp.com\/wp-content\/uploads\/2021\/12\/E6-200x100.jpg);\" class=\"entry-thumbnail-overlay placeholder-image thumbnail-size-200x100\" href=\"https:\/\/sti-btp.com\/fr\/our-service\/transport\/\" title=\"Transport\"><\/a>\n\t\t\t<\/div>\n\n\n\t\t<div class=\"our-service-content\">\n\t\t\t<div class=\"our-service-title-wrap\">\n\t\t\t\t<h4 class=\"gsf-our-service-title uppercase letter-spacing-03 fs-17\"><a title=\"Transport\"\n\t\t\t\t\t\t\t\t\t\t\t\t\t\t\t\t\t\t  href=\"https:\/\/sti-btp.com\/fr\/our-service\/transport\/\">Transport<\/a>\n<\/h4>\t\t\t\t\t\t\t<\/div>\n\t\t\t<div class=\"our-service-excerpt\">\n\t\t\t\t<p>Our company STI Sarl is specialized in the transportation. We provide transport services adapted to your needs.<\/p>\n\t\t\t<\/div>\n\t\t\t<a href=\"https:\/\/sti-btp.com\/fr\/our-service\/transport\/\" class=\"btn-read-more accent-color fs-14 heading_font\">\n\t\t\t\tRead More\t\t\t\t<i class=\"fa fa-long-arrow-right\"><\/i>\n\t\t\t<\/a>\n\t\t<\/div>\n\t<\/div>\n<\/article><article class=\"clearfix our-service-default our-service-grid col-lg-4 col-md-4 col-sm-12 col-xs-12 col-mb-12 post-2216 our_service type-our_service status-publish has-post-thumbnail hentry\">\n\t<div  class=\"our-service-item-inner clearfix\">\n\t\t<div class=\"entry-thumbnail\">\n\t\t\n    \n\n\n\t\t\t\t\t\t\t\t<a style=\"background-image: url(https:\/\/sti-btp.com\/wp-content\/uploads\/2021\/12\/IMG-20211209-WA0010-200x100.jpg);\" class=\"entry-thumbnail-overlay placeholder-image thumbnail-size-200x100\" href=\"https:\/\/sti-btp.com\/fr\/our-service\/various-services\/\" title=\"Diverses prestations\"><\/a>\n\t\t\t<\/div>\n\n\n\t\t<div class=\"our-service-content\">\n\t\t\t<div class=\"our-service-title-wrap\">\n\t\t\t\t<h4 class=\"gsf-our-service-title uppercase letter-spacing-03 fs-17\"><a title=\"Diverses prestations\"\n\t\t\t\t\t\t\t\t\t\t\t\t\t\t\t\t\t\t  href=\"https:\/\/sti-btp.com\/fr\/our-service\/various-services\/\">Diverses prestations<\/a>\n<\/h4>\t\t\t\t\t\t\t<\/div>\n\t\t\t<div class=\"our-service-excerpt\">\n\t\t\t\t<p>We are always close to you, because our competence and the quality of our services are best reflected on site.<\/p>\n\t\t\t<\/div>\n\t\t\t<a href=\"https:\/\/sti-btp.com\/fr\/our-service\/various-services\/\" class=\"btn-read-more accent-color fs-14 heading_font\">\n\t\t\t\tRead More\t\t\t\t<i class=\"fa fa-long-arrow-right\"><\/i>\n\t\t\t<\/a>\n\t\t<\/div>\n\t<\/div>\n<\/article>\t<\/div>\n\t<\/div><\/div><\/div><\/div><\/div><div class=\"wpb_column vc_column_container vc_col-sm-12\"><div class=\"vc_column-inner\"><div class=\"wpb_wrapper\"><\/div><\/div><\/div>\t\t\t\t\t\t\t<\/div>\n\t\t\t\n\t\t<\/div>\n\n<\/div>","protected":false},"excerpt":{"rendered":"Various services We are always close to you, because our competence and the quality of our services are best reflected on site. We have a wide range of services, geared to the needs of the practice: Advice on configurations and materials Personal support for architects and more Security for building owners Support from the submission [...]","protected":false},"author":1,"featured_media":0,"parent":0,"menu_order":0,"comment_status":"closed","ping_status":"closed","template":"","meta":{"footnotes":""},"class_list":["post-1410","page","type-page","status-publish","hentry"],"_links":{"self":[{"href":"https:\/\/sti-btp.com\/fr\/wp-json\/wp\/v2\/pages\/1410","targetHints":{"allow":["GET"]}}],"collection":[{"href":"https:\/\/sti-btp.com\/fr\/wp-json\/wp\/v2\/pages"}],"about":[{"href":"https:\/\/sti-btp.com\/fr\/wp-json\/wp\/v2\/types\/page"}],"author":[{"embeddable":true,"href":"https:\/\/sti-btp.com\/fr\/wp-json\/wp\/v2\/users\/1"}],"replies":[{"embeddable":true,"href":"https:\/\/sti-btp.com\/fr\/wp-json\/wp\/v2\/comments?post=1410"}],"version-history":[{"count":25,"href":"https:\/\/sti-btp.com\/fr\/wp-json\/wp\/v2\/pages\/1410\/revisions"}],"predecessor-version":[{"id":2851,"href":"https:\/\/sti-btp.com\/fr\/wp-json\/wp\/v2\/pages\/1410\/revisions\/2851"}],"wp:attachment":[{"href":"https:\/\/sti-btp.com\/fr\/wp-json\/wp\/v2\/media?parent=1410"}],"curies":[{"name":"wp","href":"https:\/\/api.w.org\/{rel}","templated":true}]}}